{"id":2381,"date":"2026-03-09T11:22:30","date_gmt":"2026-03-09T11:22:30","guid":{"rendered":"https:\/\/adfitalia.com\/?page_id=2381"},"modified":"2026-04-09T08:34:09","modified_gmt":"2026-04-09T08:34:09","slug":"founders","status":"publish","type":"page","link":"https:\/\/adfitalia.com\/vi\/founders\/","title":{"rendered":"Ng\u01b0\u1eddi s\u00e1ng l\u1eadp"},"content":{"rendered":"<div class=\"wp-block-media-text alignfull is-stacked-on-mobile ext-animate--off has-background\" style=\"background-color:#000000\"><figure class=\"wp-block-media-text__media\"><img loading=\"lazy\" decoding=\"async\" width=\"1200\" height=\"1600\" src=\"https:\/\/adfitalia.com\/wp-content\/uploads\/2026\/03\/Ruggero-Biondo-2-bn.jpg\" alt=\"\" class=\"wp-image-265 size-full\"\/><\/figure><div class=\"wp-block-media-text__content\">\n<p class=\"ext-animate--on has-background-color has-text-color has-link-color has-source-serif-pro-font-family has-small-font-size wp-elements-be07d2bc9f051bfa916f1b51b635706a\"><em>CEO<br>Ki\u1ebfn tr\u00fac s\u01b0<\/em><\/p>\n\n\n\n<p class=\"ext-animate--on has-background-color has-text-color has-link-color has-nunito-sans-font-family has-medium-font-size wp-elements-da8fff097bc25775365529de3a3c4eb1\"><strong>Ruggero Biondo<\/strong><\/p>\n\n\n\n<p class=\"ext-animate--on has-text-color has-link-color has-source-serif-pro-font-family wp-elements-8fb966b06a4f87b607e0c3ae07664c61\" style=\"color:#cdccc9;font-size:clamp(0.875rem, 0.875rem + ((1vw - 0.2rem) * 0.042), 0.9rem);\"><em>H\u01a1n 25 n\u0103m kinh nghi\u1ec7m trong l\u0129nh v\u1ef1c thi\u1ebft k\u1ebf, n\u1ed9i<br>qu\u1ea3n l\u00fd thi c\u00f4ng. Trong 10 n\u0103m qua, \u00f4ng \u0111\u00e3 th\u1ea5t v\u00e0<br>gi\u00e0nh \u0111\u01b0\u1ee3c nhi\u1ec1u gi\u1ea3i th\u01b0\u1edfng v\u00e0 s\u1ef1 c\u00f4ng nh\u1eadn cho c\u00e1c<br>t\u00e1c ph\u1ea9m ki\u1ebfn tr\u00fac c\u1ee7a m\u00ecnh v\u1edbi with noLogo | architettura<\/em><\/p>\n\n\n\n<p class=\"ext-animate--on has-text-color has-link-color has-source-serif-pro-font-family wp-elements-15788cc1b636e7f4fa22b18980d5a7f8\" style=\"color:#cdccc9;font-size:clamp(0.875rem, 0.875rem + ((1vw - 0.2rem) * 0.042), 0.9rem);\"><\/p>\n<\/div><\/div>\n\n\n\n<div class=\"wp-block-media-text alignfull is-stacked-on-mobile ext-animate--on has-background-background-color has-background\"><figure class=\"wp-block-media-text__media\"><img decoding=\"async\" src=\"https:\/\/adfitalia.com\/wp-content\/uploads\/2026\/03\/FOTO-TMC-ok-copia.jpg\" alt=\"\" class=\"wp-image-295 size-full\"\/><\/figure><div class=\"wp-block-media-text__content\">\n<p class=\"has-text-color has-link-color has-source-serif-pro-font-family has-small-font-size wp-elements-3227877048d002a75a79fa76ed697e1f\" style=\"color:#000000\"><em>Gi\u00e1m \u0111\u1ed1c<br>Kinh doanh qu\u1ed1c t\u1ebf &amp; Kh\u00e1ch h\u00e0ng<br>K\u1ef9 s\u01b0<\/em><\/p>\n\n\n\n<p class=\"ext-animate--on has-nunito-sans-font-family has-medium-font-size\"><strong>Tran Minh Chau<\/strong><\/p>\n\n\n\n<p class=\"ext-animate--on has-text-color has-link-color has-source-serif-pro-font-family wp-elements-e39a3e9f42651f4d703c5159709982e4\" style=\"color:#555555;font-size:clamp(0.875rem, 0.875rem + ((1vw - 0.2rem) * 0.042), 0.9rem);\"><em><em>Nguy\u00ean l\u00e0 k\u1ef9 s\u01b0 t\u1ef1 \u0111\u1ed9ng h\u00f3a c\u00f4ng nghi\u1ec7p<\/em>\/<br><em>qu\u1ea3n l\u00fd d\u1ef1 \u00e1n t\u1ea1i c\u00e1c nh\u00e0 m\u00e1y c\u00f4ng nghi\u1ec7p,<\/em>, <br><em>chuy\u00ean x\u1eed l\u00fd c\u00e1c h\u1ee3p \u0111\u1ed3ng qu\u1ed1c t\u1ebf<\/em>.<\/em><\/p>\n\n\n\n<p class=\"ext-animate--on has-text-color has-link-color has-source-serif-pro-font-family wp-elements-cb96dbd058746b8c11dcb1f87299fc22\" style=\"color:#555555;font-size:clamp(0.875rem, 0.875rem + ((1vw - 0.2rem) * 0.042), 0.9rem);\"><\/p>\n<\/div><\/div>\n\n\n\n<div class=\"wp-block-media-text alignfull is-stacked-on-mobile ext-animate--on is-style-default has-background\" style=\"background-color:#000000\"><figure class=\"wp-block-media-text__media\"><img loading=\"lazy\" decoding=\"async\" width=\"738\" height=\"1024\" src=\"https:\/\/adfitalia.com\/wp-content\/uploads\/2026\/03\/Stefano-Maffe-bn3c-DEF-1-738x1024.jpg\" alt=\"\" class=\"wp-image-2769 size-full\" srcset=\"https:\/\/adfitalia.com\/wp-content\/uploads\/2026\/03\/Stefano-Maffe-bn3c-DEF-1-738x1024.jpg 738w, https:\/\/adfitalia.com\/wp-content\/uploads\/2026\/03\/Stefano-Maffe-bn3c-DEF-1-216x300.jpg 216w, https:\/\/adfitalia.com\/wp-content\/uploads\/2026\/03\/Stefano-Maffe-bn3c-DEF-1-768x1066.jpg 768w, https:\/\/adfitalia.com\/wp-content\/uploads\/2026\/03\/Stefano-Maffe-bn3c-DEF-1-9x12.jpg 9w, https:\/\/adfitalia.com\/wp-content\/uploads\/2026\/03\/Stefano-Maffe-bn3c-DEF-1.jpg 1058w\" sizes=\"auto, (max-width: 738px) 100vw, 738px\" \/><\/figure><div class=\"wp-block-media-text__content\">\n<p class=\"has-background-color has-text-color has-link-color has-small-font-size wp-elements-74e7283e5cf7c80505c5f590199c1c8c\"><em>Gi\u00e1m \u0111\u1ed1c Kinh doanh<\/em><\/p>\n\n\n\n<p class=\"ext-animate--on has-background-color has-text-color has-link-color has-nunito-sans-font-family has-medium-font-size wp-elements-81708293df10a5f016db033b33ef9e47\">Stefano Maff\u00e8<\/p>\n\n\n\n<p class=\"ext-animate--on has-text-color has-link-color has-source-serif-pro-font-family wp-elements-8b4b46321a7bb45ce0891e8c55b86a7c\" style=\"color:#cdccc9;font-size:clamp(0.875rem, 0.875rem + ((1vw - 0.2rem) * 0.042), 0.9rem);\"><em>40 n\u0103m kinh nghi\u1ec7m trong h\u1ec7 th\u1ed1ng c\u1eeda \u0111i v\u00e0 c\u1eeda s\u1ed5;<em>, <\/em><br>thi\u1ebft k\u1ebf k\u1ef9 thu\u1eadt, kinh doanh th\u1ee7 c\u00f4ng ch\u00ednh x\u00e1c v\u00e0 qu\u1ea3n l\u00fd l\u1eafp \u0111\u1eb7t. Ch\u1ee7 s\u1edf h\u1eefu c\u1ee7a m\u1ed9t c\u00f4ng ty m\u1ed9c gia \u0111\u00ecnh<br>c\u00f3 l\u1ecbch s\u1eed l\u00e2u \u0111\u1eddi.<\/em><\/p>\n\n\n\n<p class=\"ext-animate--on has-text-color has-link-color has-source-serif-pro-font-family wp-elements-15788cc1b636e7f4fa22b18980d5a7f8\" style=\"color:#cdccc9;font-size:clamp(0.875rem, 0.875rem + ((1vw - 0.2rem) * 0.042), 0.9rem);\"><\/p>\n\n\n\n<p class=\"ext-animate--on has-text-color has-link-color has-source-serif-pro-font-family wp-elements-15788cc1b636e7f4fa22b18980d5a7f8\" style=\"color:#cdccc9;font-size:clamp(0.875rem, 0.875rem + ((1vw - 0.2rem) * 0.042), 0.9rem);\"><\/p>\n\n\n\n<p class=\"ext-animate--on has-text-color has-link-color has-source-serif-pro-font-family wp-elements-15788cc1b636e7f4fa22b18980d5a7f8\" style=\"color:#cdccc9;font-size:clamp(0.875rem, 0.875rem + ((1vw - 0.2rem) * 0.042), 0.9rem);\"><\/p>\n<\/div><\/div>","protected":false},"excerpt":{"rendered":"<p>CEOArchitect Ruggero Biondo 25+ years in architecture, interiors and site management.Over the past 10 years, he has been winning awardsand receiving recognition for his work as an architectwith noLogo | architettura Director of ForeignAffairs&amp;ClientEngineer Tran Minh Chau Former industrial automation engineer\/project manager in industrial plants, management of international orders. Commercial Director Stefano Maff\u00e8 40 years [&hellip;]<\/p>\n","protected":false},"author":1,"featured_media":0,"parent":0,"menu_order":0,"comment_status":"closed","ping_status":"closed","template":"page-with-title","meta":{"footnotes":""},"class_list":["post-2381","page","type-page","status-publish","hentry"],"_links":{"self":[{"href":"https:\/\/adfitalia.com\/vi\/wp-json\/wp\/v2\/pages\/2381","targetHints":{"allow":["GET"]}}],"collection":[{"href":"https:\/\/adfitalia.com\/vi\/wp-json\/wp\/v2\/pages"}],"about":[{"href":"https:\/\/adfitalia.com\/vi\/wp-json\/wp\/v2\/types\/page"}],"author":[{"embeddable":true,"href":"https:\/\/adfitalia.com\/vi\/wp-json\/wp\/v2\/users\/1"}],"replies":[{"embeddable":true,"href":"https:\/\/adfitalia.com\/vi\/wp-json\/wp\/v2\/comments?post=2381"}],"version-history":[{"count":56,"href":"https:\/\/adfitalia.com\/vi\/wp-json\/wp\/v2\/pages\/2381\/revisions"}],"predecessor-version":[{"id":5327,"href":"https:\/\/adfitalia.com\/vi\/wp-json\/wp\/v2\/pages\/2381\/revisions\/5327"}],"wp:attachment":[{"href":"https:\/\/adfitalia.com\/vi\/wp-json\/wp\/v2\/media?parent=2381"}],"curies":[{"name":"wp","href":"https:\/\/api.w.org\/{rel}","templated":true}]}}