{"id":35,"date":"2026-02-16T16:40:50","date_gmt":"2026-02-16T16:40:50","guid":{"rendered":"https:\/\/adfitalia.com\/home\/"},"modified":"2026-03-17T14:56:18","modified_gmt":"2026-03-17T14:56:18","slug":"home","status":"publish","type":"page","link":"https:\/\/adfitalia.com\/vi\/","title":{"rendered":"Home"},"content":{"rendered":"<div class=\"wp-block-cover alignfull ext-animate--off\" style=\"min-height:710px;aspect-ratio:unset;\"><img loading=\"lazy\" decoding=\"async\" width=\"2560\" height=\"1920\" class=\"wp-block-cover__image-background wp-image-382 size-full\" alt=\"\" src=\"https:\/\/adfitalia.com\/wp-content\/uploads\/2026\/03\/IMG_8144-1-1-scaled.jpeg\" style=\"object-position:51% 73%\" data-object-fit=\"cover\" data-object-position=\"51% 73%\" srcset=\"https:\/\/adfitalia.com\/wp-content\/uploads\/2026\/03\/IMG_8144-1-1-scaled.jpeg 2560w, https:\/\/adfitalia.com\/wp-content\/uploads\/2026\/03\/IMG_8144-1-1-300x225.jpeg 300w, https:\/\/adfitalia.com\/wp-content\/uploads\/2026\/03\/IMG_8144-1-1-1024x768.jpeg 1024w, https:\/\/adfitalia.com\/wp-content\/uploads\/2026\/03\/IMG_8144-1-1-768x576.jpeg 768w, https:\/\/adfitalia.com\/wp-content\/uploads\/2026\/03\/IMG_8144-1-1-1536x1152.jpeg 1536w, https:\/\/adfitalia.com\/wp-content\/uploads\/2026\/03\/IMG_8144-1-1-2048x1536.jpeg 2048w, https:\/\/adfitalia.com\/wp-content\/uploads\/2026\/03\/IMG_8144-1-1-16x12.jpeg 16w\" sizes=\"auto, (max-width: 2560px) 100vw, 2560px\" \/><span aria-hidden=\"true\" class=\"wp-block-cover__background has-background-dim wp-block-cover__gradient-background has-background-gradient\" style=\"background:linear-gradient(135deg,rgb(0,0,0) 0%,rgb(90,85,77) 100%)\"><\/span><div class=\"wp-block-cover__inner-container has-global-padding is-layout-constrained wp-block-cover-is-layout-constrained\">\n<p class=\"has-text-align-center ext-animate--on has-background-color has-text-color has-link-color has-nunito-sans-font-family has-large-font-size wp-elements-acce165cc95a8b8568ac975bb27030a5\" style=\"text-transform:uppercase\">ARCHITECTURE   DESIGN   FURNITURE<\/p>\n<\/div><\/div>\n\n\n\n<div class=\"wp-block-group alignfull is-style-ext-preset--group--natural-1--section has-background-background-color has-background has-global-padding is-layout-constrained wp-block-group-is-layout-constrained\" style=\"margin-top:0;margin-bottom:0;padding-top:var(--wp--preset--spacing--50);padding-bottom:var(--wp--preset--spacing--70)\">\n<div class=\"wp-block-group alignwide is-vertical is-content-justification-center is-layout-flex wp-container-core-group-is-layout-c9ee0c5a wp-block-group-is-layout-flex\">\n<div class=\"wp-block-group has-global-padding is-layout-constrained wp-container-core-group-is-layout-2287c683 wp-block-group-is-layout-constrained\">\n<h1 class=\"wp-block-heading alignwide has-text-align-center has-source-serif-pro-font-family\">\u01af\u1edbc m\u01a1<br><em>c\u1ee7a b\u1ea1n<\/em><br>l\u00e0 s\u1ee9 m\u1ec7nh c\u1ee7a ch\u00fang t\u00f4i<\/h1>\n\n\n\n<p class=\"has-text-align-center\"><\/p>\n\n\n\n<p class=\"has-text-align-center\"><strong>ADF Italia<\/strong> Ki\u1ebfn t\u1ea1o n\u00ean nh\u1eefng kh\u00f4ng gian \u0111\u1ed9c \u0111\u00e1o b\u1eb1ng c\u00e1ch k\u1ebft h\u1ee3p v\u1eadt li\u1ec7u cao c\u1ea5p v\u00e0 tay \nngh\u1ec1 th\u1ee7 c\u00f4ng tinh x\u1ea3o, mang tinh hoa \u00dd \u0111\u1ebfn c\u00e1c gi\u1ea3i ph\u00e1p ki\u1ebfn tr\u00fac \u0111\u1eb3ng c\u1ea5p tr\u00ean to\u00e0n th\u1ebf gi\u1edbi<\/p>\n<\/div>\n\n\n\n<div class=\"wp-block-buttons is-content-justification-center is-layout-flex wp-container-core-buttons-is-layout-a89b3969 wp-block-buttons-is-layout-flex\">\n<div class=\"wp-block-button is-style-ext-preset--button--natural-1--button-1 is-style-ext-preset--button--natural-1--button-1--2\"><a class=\"wp-block-button__link has-tertiary-color has-text-color has-background has-link-color wp-element-button\" href=\"https:\/\/adfitalia.com\/vi\/studio\/\" style=\"background-color:#000000\"><strong>Ch\u00fang t\u00f4i l\u00e0 ai<\/strong><\/a><\/div>\n<\/div>\n<\/div>\n<\/div>\n\n\n\n<div class=\"wp-block-cover alignfull ext-animate--on\" style=\"min-height:317px;aspect-ratio:unset;\"><img loading=\"lazy\" decoding=\"async\" width=\"1024\" height=\"683\" class=\"wp-block-cover__image-background wp-image-1519 size-full\" alt=\"\" src=\"https:\/\/adfitalia.com\/wp-content\/uploads\/2026\/03\/19-copia.jpg\" style=\"object-position:54% 0%\" data-object-fit=\"cover\" data-object-position=\"54% 0%\"\/><span aria-hidden=\"true\" class=\"wp-block-cover__background has-background-dim-60 has-background-dim\" style=\"background-color:#5a554d\"><\/span><div class=\"wp-block-cover__inner-container has-global-padding is-layout-constrained wp-block-cover-is-layout-constrained\">\n<p class=\"has-text-align-center has-background-color has-text-color has-link-color has-nunito-sans-font-family has-medium-font-size wp-elements-1cfecea4752e7fa2a4bed649332d95be\" style=\"font-style:normal;font-weight:500\">N\u01a1i giao thoa gi\u1eefa phong c\u00e1ch \u00dd v\u00e0 v\u0103n h\u00f3a Vi\u1ec7t Nam<\/p>\n<\/div><\/div>","protected":false},"excerpt":{"rendered":"<p>Yourdreamis our mission ADF Italia creates unique environments by combining fine materials with artisanal craftsmanship, bringing Italian excellence to prestigious architectural solutions around the world.<\/p>","protected":false},"author":1,"featured_media":0,"parent":0,"menu_order":0,"comment_status":"closed","ping_status":"closed","template":"no-title","meta":{"footnotes":""},"class_list":["post-35","page","type-page","status-publish","hentry"],"_links":{"self":[{"href":"https:\/\/adfitalia.com\/vi\/wp-json\/wp\/v2\/pages\/35","targetHints":{"allow":["GET"]}}],"collection":[{"href":"https:\/\/adfitalia.com\/vi\/wp-json\/wp\/v2\/pages"}],"about":[{"href":"https:\/\/adfitalia.com\/vi\/wp-json\/wp\/v2\/types\/page"}],"author":[{"embeddable":true,"href":"https:\/\/adfitalia.com\/vi\/wp-json\/wp\/v2\/users\/1"}],"replies":[{"embeddable":true,"href":"https:\/\/adfitalia.com\/vi\/wp-json\/wp\/v2\/comments?post=35"}],"version-history":[{"count":128,"href":"https:\/\/adfitalia.com\/vi\/wp-json\/wp\/v2\/pages\/35\/revisions"}],"predecessor-version":[{"id":2790,"href":"https:\/\/adfitalia.com\/vi\/wp-json\/wp\/v2\/pages\/35\/revisions\/2790"}],"wp:attachment":[{"href":"https:\/\/adfitalia.com\/vi\/wp-json\/wp\/v2\/media?parent=35"}],"curies":[{"name":"wp","href":"https:\/\/api.w.org\/{rel}","templated":true}]}}