{"id":436,"date":"2026-03-03T11:34:58","date_gmt":"2026-03-03T11:34:58","guid":{"rendered":"https:\/\/adfitalia.com\/chi-siamo\/"},"modified":"2026-03-18T13:24:57","modified_gmt":"2026-03-18T13:24:57","slug":"chi-siamo","status":"publish","type":"page","link":"https:\/\/adfitalia.com\/vi\/chi-siamo\/","title":{"rendered":"Ch\u00fang t\u00f4i l\u00e0 ai"},"content":{"rendered":"<div class=\"wp-block-media-text is-stacked-on-mobile ext-animate--on has-nunito-sans-font-family\" style=\"margin-top:var(--wp--preset--spacing--50);margin-bottom:0;grid-template-columns:25% auto\"><figure class=\"wp-block-media-text__media\"><img decoding=\"async\" src=\"https:\/\/adfitalia.com\/wp-content\/uploads\/2026\/03\/ADF-Italia-_-Logo-ufficiale-monogramma-2.png\" alt=\"\" class=\"wp-image-803 size-full\"\/><\/figure><div class=\"wp-block-media-text__content\">\n<p class=\"has-foreground-alt-color has-text-color has-link-color has-small-font-size wp-elements-05de0b261be6eec8de4774dee43cecdc\" style=\"line-height:1.3\">ADF l\u00e0 vi\u1ebft t\u1eaft c\u1ee7a Architecture (Ki\u1ebfn tr\u00fac), Design (Thi\u1ebft k\u1ebf) &amp; Furniture (N\u1ed9i th\u1ea5t).<br>Th\u01b0\u01a1ng hi\u1ec7u \u0111\u01b0\u1ee3c ki\u1ebfn t\u1ea1o t\u1eeb s\u1ef1 giao thoa ho\u00e0n h\u1ea3o gi\u1eefa t\u01b0 duy thi\u1ebft k\u1ebf ki\u1ebfn tr\u00fac, t\u01b0 duy k\u1ef9 \nthu\u1eadt chuy\u00ean s\u00e2u v\u00e0 b\u1ec1 d\u00e0y v\u0103n h\u00f3a x\u00e2y d\u1ef1ng.<br>V\u1edbi tr\u00e1i tim \u0111\u1eb7t t\u1ea1i \u00dd v\u00e0 nh\u1ecbp \u0111\u1eadp v\u1eadn h\u00e0nh t\u1ea1i \nVi\u1ec7t Nam, ADF t\u1ef1 h\u00e0o l\u00e0 c\u1ea7u n\u1ed1i ng\u00f4n ng\u1eef gi\u1eefa nh\u1eefng nh\u00e0 thi\u1ebft k\u1ebf, \u0111\u1ed9i ng\u0169<br>thi c\u00f4ng v\u00e0 c\u00e1c nh\u00e0 qu\u1ea3n l\u00fd d\u1ef1 \u00e1n.<br>Ch\u00fang t\u00f4i kh\u00f4ng ch\u1ec9 l\u00e0 nh\u1eefng ki\u1ebfn tr\u00fac s\u01b0, m\u00e0 c\u00f2n l\u00e0 nh\u1eefng ng\u01b0\u1eddi ki\u1ebfn t\u1ea1o tr\u1ea3i nghi\u1ec7m s\u1ed1ng.<\/p>\n\n\n\n<p class=\"has-foreground-alt-color has-text-color has-link-color has-nunito-sans-font-family has-small-font-size wp-elements-241cccaf1549f45a7b6f910039a6bd77\" style=\"line-height:1.3\">B\u1eb1ng l\u1ed9 tr\u00ecnh l\u00e0m vi\u1ec7c th\u1ed1ng nh\u1ea5t t\u1eeb kh\u00e2u thi\u1ebft k\u1ebf,<br>cung \u1ee9ng \u0111\u1ebfn ch\u0103m s\u00f3c kh\u00e1ch \nh\u00e0ng,<br>ADF l\u1ea5y v\u1ebb \u0111\u1eb9p l\u00e0m ph\u01b0\u01a1ng ph\u00e1p, kinh nghi\u1ec7m l\u00e0m<br>n\u1ec1n t\u1ea3ng v\u00e0 s\u1ef1 ch\u00ednh x\u00e1c l\u00e0m th\u01b0\u1edbc \u0111o k\u1ebft qu\u1ea3.<\/p>\n<\/div><\/div>\n\n\n\n<div class=\"wp-block-buttons ext-animate--on is-content-justification-center is-layout-flex wp-container-core-buttons-is-layout-222c5d1d wp-block-buttons-is-layout-flex\" style=\"margin-bottom:var(--wp--preset--spacing--50)\">\n<div class=\"wp-block-button ext-animate--on\"><a class=\"wp-block-button__link has-tertiary-color has-text-color has-background has-link-color wp-element-button\" href=\"https:\/\/adfitalia.com\/vi\/studio\/\" style=\"background-color:#000000\">Ng\u01b0\u1eddi s\u00e1ng l\u1eadp<\/a><\/div>\n\n\n\n<div class=\"wp-block-button\"><a class=\"wp-block-button__link has-tertiary-color has-text-color has-background has-link-color wp-element-button\" href=\"https:\/\/adfitalia.com\/vi\/team\/\" style=\"background-color:#000000\">Team<\/a><\/div>\n\n\n\n<div class=\"wp-block-button\"><a class=\"wp-block-button__link has-tertiary-color has-text-color has-background has-link-color wp-element-button\" href=\"https:\/\/adfitalia.com\/vi\/designer\/\" style=\"background-color:#000000;padding-top:var(--wp--preset--spacing--20);padding-bottom:var(--wp--preset--spacing--20)\">Thi\u1ebft k\u1ebf &amp; Chuy\u00ean gia k\u1ef9 thu\u1eadt<\/a><\/div>\n<\/div>\n\n\n\n<h2 class=\"wp-block-heading alignfull has-text-align-center ext-animate--off has-tertiary-color has-text-color has-background has-link-color has-nunito-sans-font-family has-large-font-size wp-elements-db73f6a7d8cf26a994175aff8936b55a\" style=\"background-color:#000000;margin-top:0;margin-bottom:0;padding-top:var(--wp--preset--spacing--50);padding-bottom:var(--wp--preset--spacing--30);line-height:0.9\">S\u1ee9 m\u1ec7nh<\/h2>\n\n\n\n<h2 class=\"wp-block-heading alignfull has-text-align-center ext-animate--off has-background-color has-text-color has-background has-link-color has-x-large-font-size wp-elements-aa8948359886d34d98908637671ae407\" style=\"background-color:#000000;margin-top:0;margin-bottom:0;padding-top:var(--wp--preset--spacing--30);padding-bottom:var(--wp--preset--spacing--20);line-height:1.5\"><em>L\u00e0 nh\u1ecbp c\u1ea7u tin c\u1eady gi\u1eefa \u00dd v\u00e0 Vi\u1ec7t Nam<\/em><\/h2>\n\n\n\n<h2 class=\"wp-block-heading alignfull has-text-align-center ext-animate--off has-tertiary-color has-text-color has-background has-link-color has-nunito-sans-font-family has-small-font-size wp-elements-398d683db09a39027bb210c29f9cacf0\" style=\"background-color:#000000;margin-top:0;margin-bottom:0;padding-top:0;padding-bottom:var(--wp--preset--spacing--70);line-height:2.2\">K\u1ebft n\u1ed1i tr\u1ef1c ti\u1ebfp \u0111\u1ebfn c\u00e1c nh\u00e0 m\u00e1y<br>Chu\u1ed7i cung \u1ee9ng \u0111\u01b0\u1ee3c theo d\u00f5i v\u00e0 ki\u1ec3m so\u00e1t ch\u1eb7t ch\u1ebd<br>Qu\u1ea3n l\u00fd d\u1ef1 \u00e1n qu\u1ed1c t\u1ebf<br>L\u1eafp \u0111\u1eb7t v\u00e0 b\u1ea3o tr\u00ec v\u1edbi s\u1ef1 hi\u1ec7n di\u1ec7n tr\u1ef1c ti\u1ebfp t\u1ea1i c\u00f4ng tr\u00ecnh<br>\u0110i\u1ec3m k\u1ebft n\u1ed1i h\u1ed7 tr\u1ee3 ngay c\u1ea3 sau khi b\u00e0n giao<\/h2>","protected":false},"excerpt":{"rendered":"<p>ADF \u00e8 l\u2019acronimo di Architecture, Design &amp; Furniture.Dall\u2019incontro tra progettazione architettonica,processi di ingegneria e cultura del costruire.Cuore in Italia, base operativa in Vietnam.Parliamo la lingua dei designer, dei cantieri e dei manager. We are architects and builders of experiences.A single orchestration uniting design, supply and care.Beauty as a method, the experienceaccompanied by workprecision as the [&hellip;]<\/p>\n","protected":false},"author":1,"featured_media":0,"parent":0,"menu_order":0,"comment_status":"closed","ping_status":"closed","template":"page-with-title","meta":{"footnotes":""},"class_list":["post-436","page","type-page","status-publish","hentry"],"_links":{"self":[{"href":"https:\/\/adfitalia.com\/vi\/wp-json\/wp\/v2\/pages\/436","targetHints":{"allow":["GET"]}}],"collection":[{"href":"https:\/\/adfitalia.com\/vi\/wp-json\/wp\/v2\/pages"}],"about":[{"href":"https:\/\/adfitalia.com\/vi\/wp-json\/wp\/v2\/types\/page"}],"author":[{"embeddable":true,"href":"https:\/\/adfitalia.com\/vi\/wp-json\/wp\/v2\/users\/1"}],"replies":[{"embeddable":true,"href":"https:\/\/adfitalia.com\/vi\/wp-json\/wp\/v2\/comments?post=436"}],"version-history":[{"count":128,"href":"https:\/\/adfitalia.com\/vi\/wp-json\/wp\/v2\/pages\/436\/revisions"}],"predecessor-version":[{"id":3639,"href":"https:\/\/adfitalia.com\/vi\/wp-json\/wp\/v2\/pages\/436\/revisions\/3639"}],"wp:attachment":[{"href":"https:\/\/adfitalia.com\/vi\/wp-json\/wp\/v2\/media?parent=436"}],"curies":[{"name":"wp","href":"https:\/\/api.w.org\/{rel}","templated":true}]}}