{"id":71,"date":"2026-03-02T16:16:58","date_gmt":"2026-03-02T16:16:58","guid":{"rendered":"https:\/\/adfitalia.com\/progetti\/"},"modified":"2026-03-16T15:08:30","modified_gmt":"2026-03-16T15:08:30","slug":"progetti","status":"publish","type":"page","link":"https:\/\/adfitalia.com\/vi\/progetti\/","title":{"rendered":"L\u1ecbch s\u1eed"},"content":{"rendered":"<p class=\"ext-animate--on has-source-serif-pro-font-family\" style=\"padding-top:var(--wp--preset--spacing--20);padding-bottom:0;font-size:clamp(0.984rem, 0.984rem + ((1vw - 0.2rem) * 0.86), 1.5rem);\"><strong>ADF Italia<\/strong> \u0111\u01b0\u1ee3c th\u00e0nh l\u1eadp h\u00f4m nay. Kinh nghi\u1ec7m c\u1ee7a n\u00f3  \u0111\u1ebfn t\u1eeb r\u1ea5t xa<\/p>\n\n\n\n<p class=\"ext-animate--on has-nunito-sans-font-family\" style=\"font-size:clamp(0.875rem, 0.875rem + ((1vw - 0.2rem) * 0.042), 0.9rem);line-height:1.3\"><strong>ADF Italia <\/strong>tuy l\u00e0 m\u1ed9t th\u01b0\u01a1ng hi\u1ec7u m\u1edbi tr\u00ean th\u1ecb tr\u01b0\u1eddng, nh\u01b0ng n\u1ec1n t\u1ea3ng c\u1ee7a ch\u00fang t\u00f4i \u0111\u01b0\u1ee3c x\u00e2y \nd\u1ef1ng tr\u00ean b\u1ec1 d\u00e0y kinh nghi\u1ec7m \u0111\u01b0\u1ee3c t\u00edch l\u0169y qua nhi\u1ec1u th\u1eadp k\u1ef7.<br>S\u1ef1 ra \u0111\u1eddi c\u1ee7a ADF Italia l\u00e0 k\u1ebft \nqu\u1ea3 t\u1eeb s\u1ef1 h\u1ee3p nh\u1ea5t gi\u1eefa nh\u1eefng chuy\u00ean gia h\u00e0ng \u0111\u1ea7u v\u00e0 c\u00e1c \u0111\u1ed1i t\u00e1c c\u00f4ng nghi\u1ec7p uy t\u00edn trong l\u0129nh \nv\u1ef1c ki\u1ebfn tr\u00fac, ho\u00e0n thi\u1ec7n v\u00e0 n\u1ed9i th\u1ea5t cao c\u1ea5p.<br>V\u1edbi n\u0103ng l\u1ef1c th\u1ef1c thi v\u1eefng v\u00e0ng c\u00f9ng quy tr\u00ecnh \nchuy\u00ean nghi\u1ec7p, ch\u00fang t\u00f4i \u0111\u00e3 kh\u1eb3ng \u0111\u1ecbnh v\u1ecb th\u1ebf qua h\u00e0ng lo\u1ea1t d\u1ef1 \u00e1n \u0111a d\u1ea1ng t\u1eeb nh\u00e0 \u1edf, kh\u00e1ch s\u1ea1n, \nb\u00e1n l\u1ebb cho \u0111\u1ebfn c\u00e1c c\u00f4ng tr\u00ecnh doanh nghi\u1ec7p t\u1ea1i \u00dd v\u00e0 tr\u00ean kh\u1eafp th\u1ebf gi\u1edbi.<\/p>\n\n\n\n<p class=\"ext-animate--on has-source-serif-pro-font-family\" style=\"padding-top:var(--wp--preset--spacing--30);padding-bottom:var(--wp--preset--spacing--30);font-size:clamp(0.875rem, 0.875rem + ((1vw - 0.2rem) * 0.375), 1.1rem);font-style:normal;font-weight:600;line-height:1.3\"><em><em>Hai c\u1ea5p \u0111\u1ed9 kinh nghi\u1ec7m, m\u1ed9t h\u01b0\u1edbng \u0111i duy nh\u1ea5t:<\/em><\/em><\/p>\n\n\n\n<p class=\"ext-animate--on has-nunito-sans-font-family\" style=\"margin-top:var(--wp--preset--spacing--20);margin-bottom:var(--wp--preset--spacing--20);font-size:clamp(0.875rem, 0.875rem + ((1vw - 0.2rem) * 0.042), 0.9rem);line-height:1.3\"><strong><em>1) Kinh nghi\u1ec7m c\u1ee7a nh\u1eefng ng\u01b0\u1eddi s\u00e1ng l\u1eadp<\/em><\/strong><br>C\u00e1c \u0111\u1ed1i t\u00e1c c\u1ee7a ADF Italia mang theo di s\u1ea3n v\u1eefng \nch\u1eafc v\u1ec1 thi\u1ebft k\u1ebf v\u00e0 qu\u1ea3n l\u00fd d\u1ef1 \u00e1n t\u1eeb c\u00e1c ho\u1ea1t \u0111\u1ed9ng chuy\u00ean m\u00f4n v\u00e0 doanh nghi\u1ec7p tr\u01b0\u1edbc \u0111\u00e2y. \nKinh nghi\u1ec7m n\u00e0y ch\u00ednh l\u00e0 n\u1ec1n t\u1ea3ng cho ph\u01b0\u01a1ng ph\u00e1p ti\u1ebfp c\u1eadn thi\u1ebft k\u1ebf, qu\u1ea3n l\u00fd c\u00f4ng tr\u01b0\u1eddng \nv\u00e0 ki\u1ec3m so\u00e1t ch\u1ea5t l\u01b0\u1ee3ng c\u1ee7a ch\u00fang t\u00f4i.<\/p>\n\n\n\n<p class=\"ext-animate--on has-nunito-sans-font-family\" style=\"margin-top:0;margin-bottom:0;font-size:clamp(0.875rem, 0.875rem + ((1vw - 0.2rem) * 0.042), 0.9rem);line-height:1.3\"><strong><em>2) L\u1ecbch s\u1eed c\u1ee7a c\u00e1c c\u00f4ng ty \u0111\u1ed1i t\u00e1c<\/em><\/strong><br>ADF Italia h\u1ee3p t\u00e1c chi\u1ebfn l\u01b0\u1ee3c v\u1edbi c\u00e1c c\u00f4ng ty h\u00e0ng \u0111\u1ea7u trong ng\u00e0nh s\u1edf h\u1eefu:<\/p>\n\n\n\n<ul style=\"margin-top:var(--wp--preset--spacing--20);margin-bottom:var(--wp--preset--spacing--50);font-size:clamp(0.875rem, 0.875rem + ((1vw - 0.2rem) * 0.042), 0.9rem);line-height:1.3\" class=\"wp-block-list ext-animate--on has-nunito-sans-font-family\">\n<li class=\"ext-animate--on has-nunito-sans-font-family\" style=\"line-height:1.3\">L\u1ecbch s\u1eed v\u1eefng ch\u1eafc v\u00e0 danh m\u1ee5c d\u1ef1 \u00e1n \u0111\u00e3 \u0111\u01b0\u1ee3c ch\u1ee9ng th\u1ef1c<\/li>\n\n\n\n<li class=\"ext-animate--on has-nunito-sans-font-family\" style=\"line-height:1.3\">N\u0103ng l\u1ef1c s\u1ea3n xu\u1ea5t v\u00e0 t\u1ed5 ch\u1ee9c quy m\u00f4 c\u00f4ng nghi\u1ec7p<\/li>\n\n\n\n<li class=\"ext-animate--on has-nunito-sans-font-family\" style=\"line-height:1.3\">\u0110\u1ed9i ng\u0169 nh\u00e2n l\u1ef1c chuy\u00ean m\u00f4n cao v\u00e0 chu\u1ed7i cung \u1ee9ng \u0111\u00e1ng tin c\u1eady<\/li>\n\n\n\n<li class=\"ext-animate--on has-nunito-sans-font-family\" style=\"line-height:1.3\">C\u00e1c ti\u00eau chu\u1ea9n ch\u1ea5t l\u01b0\u1ee3ng, ch\u1ebf \u0111\u1ed9 b\u1ea3o h\u00e0nh v\u00e0 t\u00ednh k\u1ebf th\u1eeba b\u1ec1n v\u1eefng<\/li>\n<\/ul>\n\n\n\n<div class=\"wp-block-media-text alignfull has-media-on-the-right is-stacked-on-mobile is-vertically-aligned-bottom ext-animate--on has-background\" style=\"background-color:#010101;margin-top:0;margin-bottom:0;padding-top:var(--wp--preset--spacing--40);padding-right:var(--wp--preset--spacing--40);padding-bottom:var(--wp--preset--spacing--40);padding-left:var(--wp--preset--spacing--40);grid-template-columns:auto 29%\"><div class=\"wp-block-media-text__content\">\n<p class=\"ext-animate--on has-background-color has-text-color has-link-color has-source-serif-pro-font-family wp-elements-d96ff3b8e2c436d674a8ce3a77c8092b\" style=\"margin-top:var(--wp--preset--spacing--30);margin-bottom:var(--wp--preset--spacing--30);font-size:clamp(0.875rem, 0.875rem + ((1vw - 0.2rem) * 0.375), 1.1rem);font-style:normal;font-weight:600;line-height:1.3\"><em>Vai tr\u00f2 c\u1ee7a ch\u00fang t\u00f4i: \"Chi\u1ebfc ch\u00eca kh\u00f3a\" m\u1edf ra nh\u1eefng gi\u1ea3i ph\u00e1p t\u1ed1i \u01b0u<\/em><\/p>\n\n\n\n<p class=\"ext-animate--on has-tertiary-color has-text-color has-link-color has-nunito-sans-font-family wp-elements-631d07000fffcda5c2462515eeb70196\" style=\"font-size:clamp(0.875rem, 0.875rem + ((1vw - 0.2rem) * 0.042), 0.9rem);line-height:1.3\"><strong>ADF Italia<\/strong> \u0111\u00f3ng vai tr\u00f2 l\u00e0 chi\u1ebfc ch\u00eca kh\u00f3a k\u1ebft n\u1ed1i tr\u1ef1c ti\u1ebfp, mang \u0111\u1ebfn cho kh\u00e1ch h\u00e0ng quy\u1ec1n truy \nc\u1eadp v\u00e0o m\u1ea1ng l\u01b0\u1edbi c\u00e1c \u0111\u1ed1i t\u00e1c c\u00f4ng nghi\u1ec7p h\u00e0ng \u0111\u1ea7u. Ch\u00fang t\u00f4i l\u00e0 \u0111i\u1ec3m ch\u1ea1m duy nh\u1ea5t \u2013 \u0111\u01a1n v\u1ecb \u0111i\u1ec1u ph\u1ed1i to\u00e0n di\u1ec7n, gi\u00fap hi\u1ec7n th\u1ef1c h\u00f3a nhu c\u1ea7u c\u1ee7a kh\u00e1ch h\u00e0ng th\u00e0nh c\u00e1c gi\u1ea3i ph\u00e1p c\u1ee5 th\u1ec3 v\u00e0 ho\u00e0n h\u1ea3o nh\u1ea5t. \nS\u1ee9 m\u1ec7nh c\u1ee7a ch\u00fang t\u00f4i l\u00e0 xuy\u00ean su\u1ed1t quy tr\u00ecnh: t\u1eeb kh\u00e2u t\u01b0 v\u1ea5n thi\u1ebft k\u1ebf, tuy\u1ec3n ch\u1ecdn v\u1eadt li\u1ec7u, cung \n\u1ee9ng, thi c\u00f4ng l\u1eafp \u0111\u1eb7t cho \u0111\u1ebfn d\u1ecbch v\u1ee5 h\u1eadu m\u00e3i chuy\u00ean nghi\u1ec7p.<\/p>\n\n\n\n<p class=\"ext-animate--on has-tertiary-color has-text-color has-link-color has-nunito-sans-font-family wp-elements-f9cc94bb84a48c9c02f64fbacb884784\" style=\"font-size:clamp(0.875rem, 0.875rem + ((1vw - 0.2rem) * 0.042), 0.9rem);line-height:1.3\">\u0110\u1ec3 minh ch\u1ee9ng cho n\u0103ng l\u1ef1c th\u1ef1c thi, h\u1ed3 s\u01a1 n\u0103ng l\u1ef1c c\u1ee7a ch\u00fang t\u00f4i l\u00e0 s\u1ef1 t\u1ed5ng h\u00f2a c\u1ee7a:<\/p>\n\n\n\n<ul style=\"font-size:clamp(0.875rem, 0.875rem + ((1vw - 0.2rem) * 0.042), 0.9rem);line-height:1.3\" class=\"wp-block-list ext-animate--on has-nunito-sans-font-family\">\n<li class=\"ext-animate--on has-tertiary-color has-text-color has-link-color wp-elements-c5c3b0ffc556aecf723caedd7d1d5dab\">Di s\u1ea3n kinh nghi\u1ec7m: C\u00e1c d\u1ef1 \u00e1n v\u00e0 c\u00f4ng tr\u00ecnh \u0111\u01b0\u1ee3c tr\u1ef1c ti\u1ebfp th\u1ef1c hi\u1ec7n b\u1edfi nh\u1eefng nh\u00e0 \ns\u00e1ng l\u1eadp trong su\u1ed1t qu\u00e1 tr\u00ecnh ho\u1ea1t \u0111\u1ed9ng chuy\u00ean m\u00f4n tr\u01b0\u1edbc \u0111\u00e2y.<\/li>\n\n\n\n<li class=\"ext-animate--on has-tertiary-color has-text-color has-link-color wp-elements-d9b50843a2deb931c504c2ee9fd56753\">Cam k\u1ebft \u0111\u1ed1i t\u00e1c: H\u1ed3 s\u01a1 n\u0103ng l\u1ef1c c\u1ee7a c\u00e1c th\u01b0\u01a1ng hi\u1ec7u v\u00e0 \u0111\u1ed1i t\u00e1c chi\u1ebfn l\u01b0\u1ee3c m\u00e0 ADF Italia \u0111\u1ea1i di\u1ec7n. Vi\u1ec7c tr\u1ef1c ti\u1ebfp \u0111i\u1ec1u ph\u1ed1i c\u00e1c \u0111\u01a1n v\u1ecb n\u00e0y ch\u00ednh l\u00e0 s\u1ef1 b\u1ea3o ch\u1ee9ng cao nh\u1ea5t v\u1ec1 chuy\u00ean m\u00f4n, s\u1ef1 tin c\u1eady v\u00e0 kh\u1ea3 n\u0103ng th\u1ef1c thi v\u01b0\u1ee3t tr\u1ed9i cho m\u1ecdi d\u1ef1 \u00e1n.<\/li>\n<\/ul>\n<\/div><figure class=\"wp-block-media-text__media\"><img loading=\"lazy\" decoding=\"async\" width=\"1024\" height=\"819\" src=\"https:\/\/adfitalia.com\/wp-content\/uploads\/2026\/03\/Fotolia_53496577_Subscription_XXL-1-1024x819.jpg\" alt=\"\" class=\"wp-image-1145 size-full\" srcset=\"https:\/\/adfitalia.com\/wp-content\/uploads\/2026\/03\/Fotolia_53496577_Subscription_XXL-1-1024x819.jpg 1024w, https:\/\/adfitalia.com\/wp-content\/uploads\/2026\/03\/Fotolia_53496577_Subscription_XXL-1-300x240.jpg 300w, https:\/\/adfitalia.com\/wp-content\/uploads\/2026\/03\/Fotolia_53496577_Subscription_XXL-1-768x614.jpg 768w, https:\/\/adfitalia.com\/wp-content\/uploads\/2026\/03\/Fotolia_53496577_Subscription_XXL-1-1536x1229.jpg 1536w, https:\/\/adfitalia.com\/wp-content\/uploads\/2026\/03\/Fotolia_53496577_Subscription_XXL-1-2048x1638.jpg 2048w, https:\/\/adfitalia.com\/wp-content\/uploads\/2026\/03\/Fotolia_53496577_Subscription_XXL-1-15x12.jpg 15w\" sizes=\"auto, (max-width: 1024px) 100vw, 1024px\" \/><\/figure><\/div>\n\n\n\n<div class=\"wp-block-media-text alignfull is-stacked-on-mobile ext-animate--on\" style=\"margin-top:0;padding-top:var(--wp--preset--spacing--30);padding-right:var(--wp--preset--spacing--30);padding-bottom:var(--wp--preset--spacing--30);padding-left:var(--wp--preset--spacing--30);grid-template-columns:29% auto\"><figure class=\"wp-block-media-text__media\"><img loading=\"lazy\" decoding=\"async\" width=\"1024\" height=\"819\" src=\"https:\/\/adfitalia.com\/wp-content\/uploads\/2026\/03\/Fotolia_4616556_Subscription_L-1-1024x819.jpg\" alt=\"\" class=\"wp-image-1152 size-full\" srcset=\"https:\/\/adfitalia.com\/wp-content\/uploads\/2026\/03\/Fotolia_4616556_Subscription_L-1-1024x819.jpg 1024w, https:\/\/adfitalia.com\/wp-content\/uploads\/2026\/03\/Fotolia_4616556_Subscription_L-1-300x240.jpg 300w, https:\/\/adfitalia.com\/wp-content\/uploads\/2026\/03\/Fotolia_4616556_Subscription_L-1-768x614.jpg 768w, https:\/\/adfitalia.com\/wp-content\/uploads\/2026\/03\/Fotolia_4616556_Subscription_L-1-1536x1228.jpg 1536w, https:\/\/adfitalia.com\/wp-content\/uploads\/2026\/03\/Fotolia_4616556_Subscription_L-1-15x12.jpg 15w, https:\/\/adfitalia.com\/wp-content\/uploads\/2026\/03\/Fotolia_4616556_Subscription_L-1.jpg 2041w\" sizes=\"auto, (max-width: 1024px) 100vw, 1024px\" \/><\/figure><div class=\"wp-block-media-text__content\">\n<div class=\"wp-block-group ext-animate--on is-nowrap is-layout-flex wp-container-core-group-is-layout-6c531013 wp-block-group-is-layout-flex\">\n<p class=\"ext-animate--on has-source-serif-pro-font-family\" style=\"padding-top:var(--wp--preset--spacing--30);padding-bottom:var(--wp--preset--spacing--30);font-size:clamp(0.875rem, 0.875rem + ((1vw - 0.2rem) * 0.375), 1.1rem);font-style:normal;font-weight:600;line-height:1.3\"><em>M\u1ed9t l\u1eddi h\u1ee9a c\u00f3 th\u1ec3 \u0111o l\u01b0\u1eddng \u0111\u01b0\u1ee3c <\/em><\/p>\n<\/div>\n\n\n\n<p class=\"ext-animate--on has-nunito-sans-font-family\" style=\"font-size:clamp(0.875rem, 0.875rem + ((1vw - 0.2rem) * 0.042), 0.9rem);line-height:1.3\">Khi ADF Italia tham gia v\u00e0o b\u1ea5t k\u1ef3 d\u1ef1 \u00e1n n\u00e0o, ch\u00fang t\u00f4i kh\u00f4ng ch\u1ec9 mang \u0111\u1ebfn t\u00ean tu\u1ed5i m\u00e0 l\u00e0 s\u1ef1 \nb\u1ea3o ch\u1ee9ng t\u1eeb ph\u01b0\u01a1ng ph\u00e1p qu\u1ea3n tr\u1ecb chuy\u00ean nghi\u1ec7p, chu\u1ed7i cung \u1ee9ng chi\u1ebfn l\u01b0\u1ee3c v\u00e0 n\u0103ng l\u1ef1c s\u1ea3n \nxu\u1ea5t v\u01b0\u1ee3t tr\u1ed9i. Ch\u00fang t\u00f4i t\u1ea1o d\u1ef1ng ni\u1ec1m tin ngay t\u1eeb nh\u1eefng b\u01b0\u1edbc \u0111i \u0111\u1ea7u ti\u00ean, b\u1edfi \u0111\u1eb1ng sau m\u1ed7i \nhi\u1ec7n t\u1ea1i l\u00e0 b\u1ec1 d\u00e0y kinh nghi\u1ec7m t\u00edch l\u0169y qua nhi\u1ec1u th\u1eadp k\u1ef7, v\u00e0 ph\u00eda tr\u01b0\u1edbc l\u00e0 cam k\u1ebft b\u00e0n giao ho\u00e0n \nh\u1ea3o.<\/p>\n<\/div><\/div>\n\n\n\n<h2 class=\"wp-block-heading alignfull has-text-align-center ext-animate--off has-background-color has-text-color has-background has-link-color wp-elements-80742e9ed26eedff0471cda411018faf\" style=\"background-color:#000000;padding-top:var(--wp--preset--spacing--30);padding-bottom:var(--wp--preset--spacing--50);font-size:clamp(1.352rem, 1.352rem + ((1vw - 0.2rem) * 1.413), 2.2rem);font-style:normal;font-weight:300\">T\u1ea7m nh\u00ecn \u00dd, th\u1ef1c thi c\u00f3 ki\u1ec3m so\u00e1t, \u0111\u1ed1i t\u00e1c v\u1eefng ch\u1eafc<\/h2>","protected":false},"excerpt":{"rendered":"<p>ADF Italia was founded today. Its experience comes from far away. ADF Italia is a young company in terms of its founding date, but not in terms of expertise, methodology, or delivery capability.It was created from the union of professionals and industrial partners who have been operating for yearsin the fields of architecture, finishes, and [&hellip;]<\/p>\n","protected":false},"author":1,"featured_media":0,"parent":0,"menu_order":0,"comment_status":"closed","ping_status":"closed","template":"page-with-title","meta":{"footnotes":""},"class_list":["post-71","page","type-page","status-publish","hentry"],"_links":{"self":[{"href":"https:\/\/adfitalia.com\/vi\/wp-json\/wp\/v2\/pages\/71","targetHints":{"allow":["GET"]}}],"collection":[{"href":"https:\/\/adfitalia.com\/vi\/wp-json\/wp\/v2\/pages"}],"about":[{"href":"https:\/\/adfitalia.com\/vi\/wp-json\/wp\/v2\/types\/page"}],"author":[{"embeddable":true,"href":"https:\/\/adfitalia.com\/vi\/wp-json\/wp\/v2\/users\/1"}],"replies":[{"embeddable":true,"href":"https:\/\/adfitalia.com\/vi\/wp-json\/wp\/v2\/comments?post=71"}],"version-history":[{"count":224,"href":"https:\/\/adfitalia.com\/vi\/wp-json\/wp\/v2\/pages\/71\/revisions"}],"predecessor-version":[{"id":2978,"href":"https:\/\/adfitalia.com\/vi\/wp-json\/wp\/v2\/pages\/71\/revisions\/2978"}],"wp:attachment":[{"href":"https:\/\/adfitalia.com\/vi\/wp-json\/wp\/v2\/media?parent=71"}],"curies":[{"name":"wp","href":"https:\/\/api.w.org\/{rel}","templated":true}]}}