{"id":72,"date":"2026-03-02T16:17:08","date_gmt":"2026-03-02T16:17:08","guid":{"rendered":"https:\/\/adfitalia.com\/prodotti\/"},"modified":"2026-03-16T09:49:44","modified_gmt":"2026-03-16T09:49:44","slug":"prodotti","status":"publish","type":"page","link":"https:\/\/adfitalia.com\/vi\/prodotti\/","title":{"rendered":"Ph\u01b0\u01a1ng ph\u00e1p l\u00e0m vi\u1ec7c"},"content":{"rendered":"<h2 class=\"wp-block-heading alignfull has-text-align-center ext-animate--on has-text-color has-link-color has-nunito-sans-font-family wp-elements-db86a97aef255a41f26f78bdd58f08a0\" style=\"color:#616161;margin-top:0;margin-bottom:0;padding-top:var(--wp--preset--spacing--20);padding-right:0;padding-bottom:var(--wp--preset--spacing--20);padding-left:0;font-size:clamp(0.929rem, 0.929rem + ((1vw - 0.2rem) * 0.785), 1.4rem);font-style:normal;font-weight:300;line-height:1\">L\u1eafng nghe \u00b7 \u00dd t\u01b0\u1edfng \u00b7 Ph\u00e1t tri\u1ec3n k\u1ef9 thu\u1eadt \u00b7 Thu mua \u00b7 C\u00f4ng tr\u01b0\u1eddng \u00b7 B\u00e0n giao &amp; Ch\u0103m s\u00f3c<\/h2>\n\n\n\n<p class=\"has-text-align-center ext-animate--on has-source-serif-pro-font-family\" style=\"font-size:clamp(0.875rem, 0.875rem + ((1vw - 0.2rem) * 0.042), 0.9rem);font-style:normal;font-weight:300;line-height:1.4\">Ki\u1ec3m so\u00e1t th\u1eddi gian v\u00e0 chi ph\u00ed<br>D\u1ecbch v\u1ee5 h\u1eadu m\u00e3i t\u1ea1i \u0111\u1ecba ph\u01b0\u01a1ng<br>K\u1ebft n\u1ed1i v\u00e0 ph\u1ea3n h\u1ed3i th\u1eddi gian th\u1ef1c<\/p>\n\n\n\n<p class=\"ext-animate--on has-medium-font-size\"><\/p>\n\n\n\n<div class=\"wp-block-media-text alignfull is-stacked-on-mobile is-vertically-aligned-top is-image-fill-element ext-animate--on has-background-background-color has-background\" style=\"margin-top:0;margin-bottom:0;padding-top:var(--wp--preset--spacing--30);padding-bottom:var(--wp--preset--spacing--30);grid-template-columns:30% auto\"><figure class=\"wp-block-media-text__media\"><img loading=\"lazy\" decoding=\"async\" width=\"1462\" height=\"1024\" src=\"https:\/\/adfitalia.com\/wp-content\/uploads\/2026\/03\/News-24-pag-4-5-2.jpg\" alt=\"\" class=\"wp-image-627 size-full\" style=\"object-position:73% 42%\"\/><\/figure><div class=\"wp-block-media-text__content\">\n<p class=\"has-text-color has-link-color has-nunito-sans-font-family has-large-font-size wp-elements-f6ce3d867ff5dd9cc4d45e13a4d3315a\" style=\"color:#000000;font-style:normal;font-weight:500\">N\u1ed9i th\u1ea5t<\/p>\n\n\n\n<p class=\"ext-animate--on has-foreground-alt-color has-text-color has-link-color has-source-serif-pro-font-family wp-elements-3531b35cf38daab8e77f7211b7048530\" style=\"font-size:clamp(0.875rem, 0.875rem + ((1vw - 0.2rem) * 0.042), 0.9rem);font-style:normal;font-weight:300;line-height:1.3\"><em>N\u1ed9i th\u1ea5t cho m\u1ecdi kh\u00f4ng gian s\u1ed1ng<\/em><\/p>\n\n\n\n<p class=\"ext-animate--on has-foreground-alt-color has-text-color has-link-color has-source-serif-pro-font-family wp-elements-9e65f68a5d738dd63703747a9f945853\" style=\"font-size:clamp(0.875rem, 0.875rem + ((1vw - 0.2rem) * 0.042), 0.9rem);font-style:normal;font-weight:300;line-height:1.3\"><em>R\u00e8m c\u1eeda<\/em><\/p>\n\n\n\n<p class=\"ext-animate--on has-foreground-alt-color has-text-color has-link-color has-source-serif-pro-font-family wp-elements-b0ed9da7731353fe115cb9a09da8bc2f\" style=\"font-size:clamp(0.875rem, 0.875rem + ((1vw - 0.2rem) * 0.042), 0.9rem);font-style:normal;font-weight:300;line-height:1.3\"><em>Ch\u0103n ga g\u1ed1i cao c\u1ea5p<\/em><\/p>\n\n\n\n<p class=\"ext-animate--on has-foreground-alt-color has-text-color has-link-color has-source-serif-pro-font-family wp-elements-353ebcab65d15821506bee08e82827c2\" style=\"font-size:clamp(0.875rem, 0.875rem + ((1vw - 0.2rem) * 0.042), 0.9rem);font-style:normal;font-weight:300;line-height:1.3\">\u00c1nh s\u00e1ng k\u1ef9 thu\u1eadt v\u00e0 trang tr\u00ed<\/p>\n\n\n\n<p class=\"ext-animate--on has-foreground-alt-color has-text-color has-link-color has-source-serif-pro-font-family wp-elements-5aea3ebcb1a4e261b1753db961314301\" style=\"font-size:clamp(0.875rem, 0.875rem + ((1vw - 0.2rem) * 0.042), 0.9rem);font-style:normal;font-weight:300;line-height:1.3\">Ph\u1ee5 ki\u1ec7n v\u00e0 v\u1eadt ph\u1ea9m thi\u1ebft k\u1ebf<\/p>\n<\/div><\/div>\n\n\n\n<div class=\"wp-block-media-text alignfull is-stacked-on-mobile is-image-fill-element ext-animate--on has-background\" style=\"background-color:#000000;margin-top:0;margin-bottom:0;padding-top:var(--wp--preset--spacing--30);padding-right:0;padding-bottom:var(--wp--preset--spacing--30);padding-left:0;grid-template-columns:30% auto\"><figure class=\"wp-block-media-text__media\"><img decoding=\"async\" src=\"https:\/\/adfitalia.com\/wp-content\/uploads\/2026\/03\/IMG_8429-2.jpg\" alt=\"\" class=\"wp-image-509 size-full\" style=\"object-position:48% 6%\"\/><\/figure><div class=\"wp-block-media-text__content\">\n<p class=\"ext-animate--on has-background-color has-text-color has-link-color has-nunito-sans-font-family has-large-font-size wp-elements-7078ba7f5b33b81b2170d533aea14ce5\" style=\"font-style:normal;font-weight:500\">V\u1eadt li\u1ec7u<\/p>\n\n\n\n<p class=\"ext-animate--on has-tertiary-color has-text-color has-link-color has-source-serif-pro-font-family wp-elements-aaf2d1c5661cf2c316e7964679981f02\" style=\"font-size:clamp(0.875rem, 0.875rem + ((1vw - 0.2rem) * 0.042), 0.9rem);font-style:normal;font-weight:300;line-height:1.3\">G\u1ea1ch v\u00e0 t\u1ea5m \u1ed1p: G\u1ed1m s\u1ee9, \u0111\u00e1 porcelain, \u0111\u00e1 t\u1ef1 nhi\u00ean, v\u1eadt li\u1ec7u composite<\/p>\n\n\n\n<p class=\"ext-animate--on has-tertiary-color has-text-color has-link-color has-source-serif-pro-font-family wp-elements-e8b71eca5846e480cbc7d31f56ae370e\" style=\"font-size:clamp(0.875rem, 0.875rem + ((1vw - 0.2rem) * 0.042), 0.9rem);font-style:normal;font-weight:300;line-height:1.3\">\u1ed0p b\u1ec1 m\u1eb7t \u0111\u1ee9ng: T\u1ea5m v\u00e1ch, b\u1ea3ng trang tr\u00ed, gi\u1ea5y d\u00e1n t\u01b0\u1eddng, nh\u1ef1a resin<\/p>\n\n\n\n<p class=\"ext-animate--on has-tertiary-color has-text-color has-link-color has-source-serif-pro-font-family wp-elements-adb65261eabd2402f1e0d43c3114a671\" style=\"font-size:clamp(0.875rem, 0.875rem + ((1vw - 0.2rem) * 0.042), 0.9rem);font-style:normal;font-weight:300;line-height:1.3\">S\u00e0n: G\u1ed7, cao su, b\u1ea7n, s\u00e0n \u0111\u00e0n h\u1ed3i v\u00e0 s\u00e0n li\u1ec1n m\u1ea1ch<\/p>\n\n\n\n<p class=\"ext-animate--on has-tertiary-color has-text-color has-link-color has-source-serif-pro-font-family wp-elements-5bfe614489305709156dfbec66c1e2f7\" style=\"font-size:clamp(0.875rem, 0.875rem + ((1vw - 0.2rem) * 0.042), 0.9rem);font-style:normal;font-weight:300;line-height:1.3\">V\u1ea3i n\u1ed9i th\u1ea5t &amp; Th\u1ea3m: D\u00f2ng k\u1ef9 thu\u1eadt v\u00e0 trang tr\u00ed<\/p>\n\n\n\n<p class=\"ext-animate--on\"><\/p>\n<\/div><\/div>\n\n\n\n<div class=\"wp-block-media-text alignfull is-stacked-on-mobile is-image-fill-element ext-animate--on\" style=\"margin-top:0;margin-bottom:0;padding-top:var(--wp--preset--spacing--30);padding-bottom:var(--wp--preset--spacing--30);grid-template-columns:30% auto\"><figure class=\"wp-block-media-text__media\"><img loading=\"lazy\" decoding=\"async\" width=\"915\" height=\"1024\" src=\"https:\/\/adfitalia.com\/wp-content\/uploads\/2026\/03\/52-915x1024.jpg\" alt=\"\" class=\"wp-image-535 size-full\" style=\"object-position:48% 54%\" srcset=\"https:\/\/adfitalia.com\/wp-content\/uploads\/2026\/03\/52-915x1024.jpg 915w, https:\/\/adfitalia.com\/wp-content\/uploads\/2026\/03\/52-268x300.jpg 268w, https:\/\/adfitalia.com\/wp-content\/uploads\/2026\/03\/52-768x859.jpg 768w, https:\/\/adfitalia.com\/wp-content\/uploads\/2026\/03\/52-11x12.jpg 11w, https:\/\/adfitalia.com\/wp-content\/uploads\/2026\/03\/52.jpg 976w\" sizes=\"auto, (max-width: 915px) 100vw, 915px\" \/><\/figure><div class=\"wp-block-media-text__content\">\n<p class=\"ext-animate--on has-text-color has-link-color has-nunito-sans-font-family has-large-font-size wp-elements-0d3069cadf01c1767201e96af006feb8\" style=\"color:#000000;font-style:normal;font-weight:500\">H\u1ec7 th\u1ed1ng c\u1eeda<\/p>\n\n\n\n<p class=\"ext-animate--on has-foreground-alt-color has-text-color has-link-color has-source-serif-pro-font-family wp-elements-1c86bd8db76c74ac68358581a2adedea\" style=\"font-size:clamp(0.875rem, 0.875rem + ((1vw - 0.2rem) * 0.042), 0.9rem);font-style:normal;font-weight:300;line-height:1.3\">Khung c\u1eeda n\u1ed9i th\u1ea5t v\u00e0 ngo\u1ea1i th\u1ea5t<\/p>\n\n\n\n<p class=\"ext-animate--on has-foreground-alt-color has-text-color has-link-color has-source-serif-pro-font-family wp-elements-6f4566dc22792ef8f81017c24c6dfce3\" style=\"font-size:clamp(0.875rem, 0.875rem + ((1vw - 0.2rem) * 0.042), 0.9rem);font-style:normal;font-weight:300;line-height:1.3\"><em><em>H\u1ec7 th\u1ed1ng c\u1eeda tr\u01b0\u1ee3t<\/em><\/em><\/p>\n\n\n\n<p class=\"ext-animate--on has-foreground-alt-color has-text-color has-link-color has-source-serif-pro-font-family wp-elements-084af0385d4e6d5c541a58f8dafcb5e5\" style=\"font-size:clamp(0.875rem, 0.875rem + ((1vw - 0.2rem) * 0.042), 0.9rem);font-style:normal;font-weight:300;line-height:1.3\"><em><em>V\u00e1ch ng\u0103n k\u00ednh<\/em><\/em><\/p>\n\n\n\n<p class=\"ext-animate--on has-foreground-alt-color has-text-color has-link-color has-source-serif-pro-font-family wp-elements-78409c5b26c36b26515220387f9f39fb\" style=\"font-size:clamp(0.875rem, 0.875rem + ((1vw - 0.2rem) * 0.042), 0.9rem);font-style:normal;font-weight:300;line-height:1.3\"><em><em>C\u1eeda \u0111i<\/em><\/em><\/p>\n\n\n\n<p class=\"ext-animate--on has-foreground-alt-color has-text-color has-link-color has-source-serif-pro-font-family wp-elements-2bc3f53863649c4bb60474f4511d11eb\" style=\"font-size:clamp(0.875rem, 0.875rem + ((1vw - 0.2rem) * 0.042), 0.9rem);font-style:normal;font-weight:300;line-height:1.3\"><em><em>H\u1ec7 th\u1ed1ng che n\u1eafng<\/em><\/em><\/p>\n<\/div><\/div>\n\n\n\n<div class=\"wp-block-media-text alignfull is-stacked-on-mobile is-image-fill-element ext-animate--on has-background\" style=\"background-color:#000000;margin-top:0;padding-top:var(--wp--preset--spacing--30);padding-bottom:var(--wp--preset--spacing--70);grid-template-columns:30% auto\"><figure class=\"wp-block-media-text__media\"><img loading=\"lazy\" decoding=\"async\" width=\"670\" height=\"670\" src=\"https:\/\/adfitalia.com\/wp-content\/uploads\/2026\/03\/41-1.jpg\" alt=\"\" class=\"wp-image-547 size-full\" style=\"object-position:46% 100%\" srcset=\"https:\/\/adfitalia.com\/wp-content\/uploads\/2026\/03\/41-1.jpg 670w, https:\/\/adfitalia.com\/wp-content\/uploads\/2026\/03\/41-1-300x300.jpg 300w, https:\/\/adfitalia.com\/wp-content\/uploads\/2026\/03\/41-1-150x150.jpg 150w, https:\/\/adfitalia.com\/wp-content\/uploads\/2026\/03\/41-1-12x12.jpg 12w\" sizes=\"auto, (max-width: 670px) 100vw, 670px\" \/><\/figure><div class=\"wp-block-media-text__content\">\n<p class=\"ext-animate--on has-background-color has-text-color has-link-color has-nunito-sans-font-family has-large-font-size wp-elements-b796f0947c3a2e031b2ece9681d84b2c\" style=\"font-style:normal;font-weight:500\">Ch\u0103m s\u00f3c s\u1ee9c kh\u1ecfe<\/p>\n\n\n\n<p class=\"ext-animate--on has-tertiary-color has-text-color has-link-color has-source-serif-pro-font-family wp-elements-03b1f396c132fce5232696f7495d1368\" style=\"font-size:clamp(0.875rem, 0.875rem + ((1vw - 0.2rem) * 0.042), 0.9rem);font-style:normal;font-weight:300;line-height:1.3\">Thi\u1ebft b\u1ecb v\u1ec7 sinh<\/p>\n\n\n\n<p class=\"ext-animate--on has-tertiary-color has-text-color has-link-color has-source-serif-pro-font-family wp-elements-62953a02af0232446311f3a529847640\" style=\"font-size:clamp(0.875rem, 0.875rem + ((1vw - 0.2rem) * 0.042), 0.9rem);font-style:normal;font-weight:300;line-height:1.3\">V\u00f2i n\u01b0\u1edbc<\/p>\n\n\n\n<p class=\"ext-animate--on has-tertiary-color has-text-color has-link-color has-source-serif-pro-font-family wp-elements-5d2659aac82cfc42987f7daf9cd5352f\" style=\"font-size:clamp(0.875rem, 0.875rem + ((1vw - 0.2rem) * 0.042), 0.9rem);font-style:normal;font-weight:300;line-height:1.3\"><em><em><em>B\u1ed3n t\u1eafm<\/em><\/em><\/em><\/p>\n\n\n\n<p class=\"ext-animate--on has-tertiary-color has-text-color has-link-color has-source-serif-pro-font-family wp-elements-308e791e43e9b2aa457e788d26e0148a\" style=\"font-size:clamp(0.875rem, 0.875rem + ((1vw - 0.2rem) * 0.042), 0.9rem);font-style:normal;font-weight:300;line-height:1.3\"><em><em><em><em><em><em>Sen t\u1eafm<\/em><\/em><\/em><\/em><\/em><\/em><\/p>\n\n\n\n<p class=\"ext-animate--on has-tertiary-color has-text-color has-link-color has-source-serif-pro-font-family wp-elements-33a1aed5a3bf01bb0e40b4957a617632\" style=\"font-size:clamp(0.875rem, 0.875rem + ((1vw - 0.2rem) * 0.042), 0.9rem);font-style:normal;font-weight:300;line-height:1.3\"><em><em><em><em><em><em><em><em><em>B\u00e1t sen<\/em><\/em><\/em><\/em><\/em><\/em><\/em><\/em><\/em><\/p>\n\n\n\n<p class=\"ext-animate--on has-tertiary-color has-text-color has-link-color has-source-serif-pro-font-family wp-elements-86160f6c533198e340a142ba53491a0b\" style=\"font-size:clamp(0.875rem, 0.875rem + ((1vw - 0.2rem) * 0.042), 0.9rem);font-style:normal;font-weight:300;line-height:1.3\"><em><em><em><em><em><em><em><em><em><em><em><em><em>Sen t\u1eafm c\u1ea3m bi\u1ebfn<\/em><\/em><\/em><\/em><\/em><\/em><\/em><\/em><\/em><\/em><\/em><\/em><\/em><\/p>\n\n\n\n<p class=\"ext-animate--on has-tertiary-color has-text-color has-link-color has-source-serif-pro-font-family wp-elements-cede902d2cb403dac73631809036a1cf\" style=\"font-size:clamp(0.875rem, 0.875rem + ((1vw - 0.2rem) * 0.042), 0.9rem);font-style:normal;font-weight:300;line-height:1.3\"><em><em><em><em><em><em><em><em><em><em><em><em><em><em><em>Gi\u00e0n s\u1ea5y kh\u0103n<\/em><\/em><\/em><\/em><\/em><\/em><\/em><\/em><\/em><\/em><\/em><\/em><\/em><\/em><\/em><\/p>\n<\/div><\/div>\n\n\n\n<h3 class=\"wp-block-heading alignfull has-text-align-center ext-animate--off has-tertiary-color has-text-color has-background has-link-color has-source-serif-pro-font-family wp-elements-beb584a71bcb830683f7329b05cc6add\" style=\"background-color:#000000;margin-top:0;margin-bottom:0;padding-top:var(--wp--preset--spacing--70);padding-right:0;padding-bottom:0;padding-left:0;font-size:clamp(1.039rem, 1.039rem + ((1vw - 0.2rem) * 0.935), 1.6rem);font-style:normal;font-weight:300;line-height:1.1\">Mang l\u1ea1i s\u1ef1 c\u00e2n \u0111\u1ed1i, \u00e1nh s\u00e1ng v\u00e0 h\u00e0i h\u00f2a cho kh\u00f4ng gian.<br>Ki\u1ebfn t\u1ea1o s\u1ef1 tho\u1ea3i m\u00e1i v\u00e0 \u0111em l\u1ea1i \u00fd \nngh\u0129a cho t\u1eebng chi ti\u1ebft.<br><\/h3>\n\n\n\n<h2 class=\"wp-block-heading alignfull has-text-align-center ext-animate--off has-tertiary-color has-text-color has-background has-link-color has-source-serif-pro-font-family wp-elements-a91448d39fe53a44b2dfcbf8af239994\" style=\"background-color:#000000;margin-top:0;margin-bottom:0;padding-top:var(--wp--preset--spacing--30);padding-right:0;padding-bottom:0;padding-left:0;font-size:clamp(1.039rem, 1.039rem + ((1vw - 0.2rem) * 0.935), 1.6rem);font-style:normal;font-weight:300;line-height:1.1\">M\u1ed7i d\u1ef1 \u00e1n l\u00e0 m\u1ed9t c\u00e2u chuy\u1ec7n: c\u1ee7a v\u1eadt li\u1ec7u, c\u1ee7a nh\u1eefng c\u1eed ch\u1ec9 v\u00e0 c\u1ee7a th\u1eddi \ngian.<br>M\u1ed7i d\u1ef1 \u00e1n \u0111\u1ed1i v\u1edbi ch\u00fang t\u00f4i \u0111\u1ec1u \u0111\u1eb7c bi\u1ec7t.<br>\u1ede \u0111\u00f3, kinh nghi\u1ec7m v\u00e0 phong c\u00e1ch \u00dd h\u00f2a l\u00e0m \nm\u1ed9t.<\/h2>\n\n\n\n<div class=\"wp-block-buttons alignfull ext-animate--off has-background is-content-justification-center is-layout-flex wp-container-core-buttons-is-layout-18269ac7 wp-block-buttons-is-layout-flex\" style=\"background-color:#000000;margin-top:0;margin-bottom:0;padding-top:var(--wp--preset--spacing--30);padding-bottom:var(--wp--preset--spacing--20)\">\n<div class=\"wp-block-button ext-animate--on\"><a class=\"wp-block-button__link has-tertiary-background-color has-text-color has-background has-link-color wp-element-button\" href=\"https:\/\/adfitalia.com\/vi\/contatti\/\" style=\"color:#000000\">Li\u00ean h\u1ec7 v\u1edbi ch\u00fang t\u00f4i<\/a><\/div>\n<\/div>","protected":false},"excerpt":{"rendered":"<p>listening \u00b7 concept \u00b7 technical development \u00b7 procurement \u00b7 site \u00b7 handover &amp; care tempi e costi sotto controlloafter-sales localedialogo real-time Furniture furniture for every room curtains home linens technical and decorative lighting accessories and design objects Materials Tiles and slabs: ceramic, porcelain stoneware, natural stone, composites Vertical claddings: boiserie, panels, wallpapers, resins Floorings: wood, [&hellip;]<\/p>\n","protected":false},"author":1,"featured_media":0,"parent":0,"menu_order":0,"comment_status":"closed","ping_status":"closed","template":"page-with-title","meta":{"footnotes":""},"class_list":["post-72","page","type-page","status-publish","hentry"],"_links":{"self":[{"href":"https:\/\/adfitalia.com\/vi\/wp-json\/wp\/v2\/pages\/72","targetHints":{"allow":["GET"]}}],"collection":[{"href":"https:\/\/adfitalia.com\/vi\/wp-json\/wp\/v2\/pages"}],"about":[{"href":"https:\/\/adfitalia.com\/vi\/wp-json\/wp\/v2\/types\/page"}],"author":[{"embeddable":true,"href":"https:\/\/adfitalia.com\/vi\/wp-json\/wp\/v2\/users\/1"}],"replies":[{"embeddable":true,"href":"https:\/\/adfitalia.com\/vi\/wp-json\/wp\/v2\/comments?post=72"}],"version-history":[{"count":344,"href":"https:\/\/adfitalia.com\/vi\/wp-json\/wp\/v2\/pages\/72\/revisions"}],"predecessor-version":[{"id":2845,"href":"https:\/\/adfitalia.com\/vi\/wp-json\/wp\/v2\/pages\/72\/revisions\/2845"}],"wp:attachment":[{"href":"https:\/\/adfitalia.com\/vi\/wp-json\/wp\/v2\/media?parent=72"}],"curies":[{"name":"wp","href":"https:\/\/api.w.org\/{rel}","templated":true}]}}