{"id":76,"date":"2026-03-02T16:17:49","date_gmt":"2026-03-02T16:17:49","guid":{"rendered":"https:\/\/adfitalia.com\/area-riservata\/"},"modified":"2026-03-16T10:53:56","modified_gmt":"2026-03-16T10:53:56","slug":"area-riservata","status":"publish","type":"page","link":"https:\/\/adfitalia.com\/vi\/area-riservata\/","title":{"rendered":"Khu v\u1ef1c d\u00e0nh ri\u00eang"},"content":{"rendered":"<div class=\"wp-block-group alignfull ext-animate--off has-tertiary-background-color has-background has-global-padding is-layout-constrained wp-block-group-is-layout-constrained\" style=\"padding-top:var(--wp--preset--spacing--70);padding-bottom:var(--wp--preset--spacing--70)\">\n<h2 class=\"wp-block-heading alignfull has-text-align-center ext-animate--on\" style=\"padding-top:var(--wp--preset--spacing--70)\">Ch\u00e0o m\u1eebng<\/h2>\n\n\n\n<p class=\"has-text-align-center ext-animate--on has-nunito-sans-font-family has-small-font-size\"><em>Kh\u00f4ng gian n\u00e0y d\u00e0nh ri\u00eang cho c\u00e1c chuy\u00ean gia, \u0111\u1ed1i t\u00e1c v\u00e0 kh\u00e1ch h\u00e0ng \u0111\u00e3 \u0111\u0103ng k\u00fd.<\/em>.<em><br>\u0110\u0103ng nh\u1eadp \u0111\u1ec3 tham kh\u1ea3o danh m\u1ee5c k\u1ef9 thu\u1eadt, c\u00e1c c\u00f4ng ty \u0111\u1ed1i t\u00e1c, chi ti\u1ebft s\u1ea3n ph\u1ea9m, v\u1eadt li\u1ec7u \u0111\u1ed9c quy\u1ec1n v\u00e0 c\u00e1c ngu\u1ed3n t\u00e0i nguy\u00ean chuy\u00ean d\u1ee5ng cho thi\u1ebft k\u1ebf.<\/em>.<\/p>\n\n\n\n<div class=\"wp-block-buttons ext-animate--on is-content-justification-center is-layout-flex wp-container-core-buttons-is-layout-b5f25ed6 wp-block-buttons-is-layout-flex\" style=\"padding-bottom:var(--wp--preset--spacing--70)\">\n<div class=\"wp-block-button ext-animate--on\"><a class=\"wp-block-button__link has-tertiary-color has-text-color has-background has-link-color wp-element-button\" href=\"https:\/\/adfitalia.com\/vi\/login\/\" style=\"background-color:#000000\">\u0110\u0103ng nh\u1eadp<\/a><\/div>\n<\/div>\n<\/div>","protected":false},"excerpt":{"rendered":"<p>Welcome This area is dedicated to registered professionals, partners, and clients.Login to access technical catalogues, partner companies, product details, exclusive materials, and resources dedicated to design and plannin.<\/p>","protected":false},"author":1,"featured_media":0,"parent":0,"menu_order":0,"comment_status":"closed","ping_status":"closed","template":"page-with-title","meta":{"footnotes":""},"class_list":["post-76","page","type-page","status-publish","hentry"],"_links":{"self":[{"href":"https:\/\/adfitalia.com\/vi\/wp-json\/wp\/v2\/pages\/76","targetHints":{"allow":["GET"]}}],"collection":[{"href":"https:\/\/adfitalia.com\/vi\/wp-json\/wp\/v2\/pages"}],"about":[{"href":"https:\/\/adfitalia.com\/vi\/wp-json\/wp\/v2\/types\/page"}],"author":[{"embeddable":true,"href":"https:\/\/adfitalia.com\/vi\/wp-json\/wp\/v2\/users\/1"}],"replies":[{"embeddable":true,"href":"https:\/\/adfitalia.com\/vi\/wp-json\/wp\/v2\/comments?post=76"}],"version-history":[{"count":41,"href":"https:\/\/adfitalia.com\/vi\/wp-json\/wp\/v2\/pages\/76\/revisions"}],"predecessor-version":[{"id":2962,"href":"https:\/\/adfitalia.com\/vi\/wp-json\/wp\/v2\/pages\/76\/revisions\/2962"}],"wp:attachment":[{"href":"https:\/\/adfitalia.com\/vi\/wp-json\/wp\/v2\/media?parent=76"}],"curies":[{"name":"wp","href":"https:\/\/api.w.org\/{rel}","templated":true}]}}