{"id":942,"date":"2026-03-04T10:03:52","date_gmt":"2026-03-04T10:03:52","guid":{"rendered":"https:\/\/adfitalia.com\/maffe\/"},"modified":"2026-03-16T14:03:29","modified_gmt":"2026-03-16T14:03:29","slug":"maffe","status":"publish","type":"page","link":"https:\/\/adfitalia.com\/vi\/maffe\/","title":{"rendered":"Technical specialist"},"content":{"rendered":"<figure class=\"wp-block-gallery alignfull has-nested-images columns-6 is-cropped ext-animate--on wp-block-gallery-1 is-layout-flex wp-block-gallery-is-layout-flex\">\n<figure class=\"wp-block-image size-large wp-duotone-foreground-and-background\"><img loading=\"lazy\" decoding=\"async\" width=\"768\" height=\"1024\" data-id=\"976\" src=\"https:\/\/adfitalia.com\/wp-content\/uploads\/2026\/03\/07-1-768x1024.jpg\" alt=\"\" class=\"wp-image-976\" srcset=\"https:\/\/adfitalia.com\/wp-content\/uploads\/2026\/03\/07-1-768x1024.jpg 768w, https:\/\/adfitalia.com\/wp-content\/uploads\/2026\/03\/07-1-225x300.jpg 225w, https:\/\/adfitalia.com\/wp-content\/uploads\/2026\/03\/07-1-1152x1536.jpg 1152w, https:\/\/adfitalia.com\/wp-content\/uploads\/2026\/03\/07-1-1536x2048.jpg 1536w, https:\/\/adfitalia.com\/wp-content\/uploads\/2026\/03\/07-1-9x12.jpg 9w, https:\/\/adfitalia.com\/wp-content\/uploads\/2026\/03\/07-1-scaled.jpg 1920w\" sizes=\"auto, (max-width: 768px) 100vw, 768px\" \/><\/figure>\n\n\n\n<figure class=\"wp-block-image size-large wp-duotone-foreground-and-background\"><img loading=\"lazy\" decoding=\"async\" width=\"1024\" height=\"768\" data-id=\"959\" src=\"https:\/\/adfitalia.com\/wp-content\/uploads\/2026\/03\/22-1024x768.jpg\" alt=\"\" class=\"wp-image-959\" srcset=\"https:\/\/adfitalia.com\/wp-content\/uploads\/2026\/03\/22-1024x768.jpg 1024w, https:\/\/adfitalia.com\/wp-content\/uploads\/2026\/03\/22-300x225.jpg 300w, https:\/\/adfitalia.com\/wp-content\/uploads\/2026\/03\/22-768x576.jpg 768w, https:\/\/adfitalia.com\/wp-content\/uploads\/2026\/03\/22-1536x1152.jpg 1536w, https:\/\/adfitalia.com\/wp-content\/uploads\/2026\/03\/22-2048x1536.jpg 2048w, https:\/\/adfitalia.com\/wp-content\/uploads\/2026\/03\/22-16x12.jpg 16w\" sizes=\"auto, (max-width: 1024px) 100vw, 1024px\" \/><\/figure>\n\n\n\n<figure class=\"wp-block-image size-full wp-duotone-foreground-and-background\"><img loading=\"lazy\" decoding=\"async\" width=\"2560\" height=\"1920\" data-id=\"972\" src=\"https:\/\/adfitalia.com\/wp-content\/uploads\/2026\/03\/DSC05376-1-scaled.jpg\" alt=\"\" class=\"wp-image-972\" srcset=\"https:\/\/adfitalia.com\/wp-content\/uploads\/2026\/03\/DSC05376-1-scaled.jpg 2560w, https:\/\/adfitalia.com\/wp-content\/uploads\/2026\/03\/DSC05376-1-300x225.jpg 300w, https:\/\/adfitalia.com\/wp-content\/uploads\/2026\/03\/DSC05376-1-1024x768.jpg 1024w, https:\/\/adfitalia.com\/wp-content\/uploads\/2026\/03\/DSC05376-1-768x576.jpg 768w, https:\/\/adfitalia.com\/wp-content\/uploads\/2026\/03\/DSC05376-1-1536x1152.jpg 1536w, https:\/\/adfitalia.com\/wp-content\/uploads\/2026\/03\/DSC05376-1-2048x1536.jpg 2048w, https:\/\/adfitalia.com\/wp-content\/uploads\/2026\/03\/DSC05376-1-16x12.jpg 16w\" sizes=\"auto, (max-width: 2560px) 100vw, 2560px\" \/><\/figure>\n\n\n\n<figure class=\"wp-block-image size-large wp-duotone-foreground-and-background\"><img loading=\"lazy\" decoding=\"async\" width=\"1024\" height=\"576\" data-id=\"960\" src=\"https:\/\/adfitalia.com\/wp-content\/uploads\/2026\/03\/IMG_7957-1024x576.jpeg\" alt=\"\" class=\"wp-image-960\" srcset=\"https:\/\/adfitalia.com\/wp-content\/uploads\/2026\/03\/IMG_7957-1024x576.jpeg 1024w, https:\/\/adfitalia.com\/wp-content\/uploads\/2026\/03\/IMG_7957-300x169.jpeg 300w, https:\/\/adfitalia.com\/wp-content\/uploads\/2026\/03\/IMG_7957-768x432.jpeg 768w, https:\/\/adfitalia.com\/wp-content\/uploads\/2026\/03\/IMG_7957-1536x864.jpeg 1536w, https:\/\/adfitalia.com\/wp-content\/uploads\/2026\/03\/IMG_7957-2048x1152.jpeg 2048w, https:\/\/adfitalia.com\/wp-content\/uploads\/2026\/03\/IMG_7957-18x10.jpeg 18w\" sizes=\"auto, (max-width: 1024px) 100vw, 1024px\" \/><\/figure>\n\n\n\n<figure class=\"wp-block-image size-full wp-duotone-foreground-and-background\"><img loading=\"lazy\" decoding=\"async\" width=\"2493\" height=\"1870\" data-id=\"974\" src=\"https:\/\/adfitalia.com\/wp-content\/uploads\/2026\/03\/PICT0005-1.jpg\" alt=\"\" class=\"wp-image-974\"\/><\/figure>\n\n\n\n<figure class=\"wp-block-image size-large wp-duotone-foreground-and-background\"><img loading=\"lazy\" decoding=\"async\" width=\"1024\" height=\"768\" data-id=\"955\" src=\"https:\/\/adfitalia.com\/wp-content\/uploads\/2026\/03\/PICT0006-1024x768.jpg\" alt=\"\" class=\"wp-image-955\" srcset=\"https:\/\/adfitalia.com\/wp-content\/uploads\/2026\/03\/PICT0006-1024x768.jpg 1024w, https:\/\/adfitalia.com\/wp-content\/uploads\/2026\/03\/PICT0006-300x225.jpg 300w, https:\/\/adfitalia.com\/wp-content\/uploads\/2026\/03\/PICT0006-768x576.jpg 768w, https:\/\/adfitalia.com\/wp-content\/uploads\/2026\/03\/PICT0006-1536x1152.jpg 1536w, https:\/\/adfitalia.com\/wp-content\/uploads\/2026\/03\/PICT0006-2048x1536.jpg 2048w, https:\/\/adfitalia.com\/wp-content\/uploads\/2026\/03\/PICT0006-16x12.jpg 16w\" sizes=\"auto, (max-width: 1024px) 100vw, 1024px\" \/><figcaption class=\"wp-element-caption\">Maff\u00e8<\/figcaption><\/figure>\n<\/figure>\n\n\n\n<figure class=\"wp-block-image size-full is-resized ext-animate--on\"><img loading=\"lazy\" decoding=\"async\" width=\"551\" height=\"137\" src=\"https:\/\/adfitalia.com\/wp-content\/uploads\/2026\/03\/Logo2025v2.png\" alt=\"\" class=\"wp-image-1183\" style=\"width:216px;height:auto\" srcset=\"https:\/\/adfitalia.com\/wp-content\/uploads\/2026\/03\/Logo2025v2.png 551w, https:\/\/adfitalia.com\/wp-content\/uploads\/2026\/03\/Logo2025v2-300x75.png 300w, https:\/\/adfitalia.com\/wp-content\/uploads\/2026\/03\/Logo2025v2-18x4.png 18w\" sizes=\"auto, (max-width: 551px) 100vw, 551px\" \/><\/figure>\n\n\n\n<p class=\"ext-animate--on has-nunito-sans-font-family has-small-font-size\" style=\"line-height:1.3\">V\u1edbi h\u01a1n ba m\u01b0\u01a1i n\u0103m kinh nghi\u1ec7m trong l\u0129nh v\u1ef1c h\u1ec7 th\u1ed1ng c\u1eeda ngo\u1ea1i th\u1ea5t v\u00e0 c\u1eeda k\u00ednh cao c\u1ea5p, \nStefano Maff\u00e8 l\u00e0 b\u1eadc th\u1ea7y trong vi\u1ec7c dung h\u00f2a gi\u1eefa hi\u1ec7u su\u1ea5t k\u1ef9 thu\u1eadt, th\u1ea9m m\u1ef9 th\u1ecb gi\u00e1c v\u00e0 s\u1ef1 \nch\u00ednh x\u00e1c tuy\u1ec7t \u0111\u1ed1i. Kh\u00f4ng d\u1eebng l\u1ea1i \u1edf \u0111\u00f3, \u00f4ng \u0111\u00e3 m\u1edf r\u1ed9ng chuy\u00ean m\u00f4n sang l\u0129nh v\u1ef1c h\u1ec7 th\u1ed1ng \nc\u1eeda n\u1ed9i th\u1ea5t, ki\u1ebfn t\u1ea1o n\u00ean s\u1ef1 k\u1ebft n\u1ed1i ho\u00e0n h\u1ea3o gi\u1eefa kh\u00f4ng gian, \u00e1nh s\u00e1ng v\u00e0 v\u1eadt li\u1ec7u. T\u1ea7m nh\u00ecn c\u1ee7a Stefano Maff\u00e8 kh\u00f4ng bao gi\u1edd g\u00f3i g\u1ecdn trong kh\u00e1i ni\u1ec7m \"c\u00e1nh c\u1eeda \u0111\u01a1n thu\u1ea7n\". \u00d4ng \nlu\u00f4n ti\u00ean phong chinh ph\u1ee5c nh\u1eefng th\u00e1ch th\u1ee9c m\u1edbi, hi\u1ec7n th\u1ef1c h\u00f3a nh\u1eefng gi\u1ea3i ph\u00e1p ki\u1ebfn tr\u00fac ph\u1ee9c \nt\u1ea1p m\u00e0 nhi\u1ec1u ng\u01b0\u1eddi t\u1eebng cho l\u00e0 b\u1ea5t kh\u1ea3 thi. Hi\u1ec7n nay, c\u00f4ng ty c\u1ee7a \u00f4ng l\u00e0 \u0111\u1ed1i t\u00e1c chi\u1ebfn l\u01b0\u1ee3c c\u1ee7a \nc\u00e1c th\u01b0\u01a1ng hi\u1ec7u c\u1eeda ngo\u1ea1i th\u1ea5t hi\u1ec7u su\u1ea5t cao v\u00e0 c\u00e1c d\u00f2ng c\u1eeda n\u1ed9i th\u1ea5t xa x\u1ec9 h\u00e0ng \u0111\u1ea7u th\u1ebf gi\u1edbi.<\/p>\n\n\n\n<p class=\"ext-animate--on has-nunito-sans-font-family has-small-font-size\" style=\"line-height:1.3\">T\u1ea1i \u00dd, \u00f4ng l\u00e0 m\u1ed9t trong nh\u1eefng ng\u01b0\u1eddi ti\u00ean phong \u00e1p d\u1ee5ng tri\u1ebft l\u00fd \u201cClimate House\u201d (Ng\u00f4i nh\u00e0 \nkh\u00ed h\u1eadu), x\u00e1c l\u1eadp nh\u1eefng chu\u1ea9n m\u1ef1c kh\u1eaft khe v\u1ec1 hi\u1ec7u su\u1ea5t n\u0103ng l\u01b0\u1ee3ng v\u00e0 ch\u1ea5t l\u01b0\u1ee3ng x\u00e2y d\u1ef1ng \u2013 \nnh\u1eefng gi\u00e1 tr\u1ecb v\u1ed1n \u0111\u00e3 tr\u1edf th\u00e0nh th\u01b0\u1edbc \u0111o ti\u00eau chu\u1ea9n t\u1ea1i Ch\u00e2u \u00c2u hi\u1ec7n nay. <\/p>\n\n\n\n<p class=\"ext-animate--on has-nunito-sans-font-family has-small-font-size\" style=\"margin-top:0;line-height:1.3\">Tri\u1ebft l\u00fd l\u00e0m vi\u1ec7c c\u1ee7a Stefano Maff\u00e8 lu\u00f4n \u0111\u1eb7t ch\u1ea5t l\u01b0\u1ee3ng v\u00e0 th\u1ea9m m\u1ef9 l\u00e0m tr\u1ecdng t\u00e2m, \u0111\u01b0\u1ee3c minh \nch\u1ee9ng qua ph\u01b0\u01a1ng ph\u00e1p v\u1eadn h\u00e0nh nghi\u00eam ng\u1eb7t:<\/p>\n\n\n\n<p class=\"ext-animate--on has-nunito-sans-font-family has-small-font-size\" style=\"margin-bottom:0;line-height:1.3\">- \u0110\u00e0o t\u1ea1o chuy\u00ean s\u00e2u: Li\u00ean t\u1ee5c n\u00e2ng cao n\u0103ng l\u1ef1c cho \u0111\u1ed9i ng\u0169.<\/p>\n\n\n\n<p class=\"ext-animate--on has-nunito-sans-font-family has-small-font-size\" style=\"margin-top:0;margin-bottom:0;line-height:1.3\">- Ki\u1ec3m so\u00e1t l\u1eafp \u0111\u1eb7t: Quy tr\u00ecnh thi c\u00f4ng \u0111\u01b0\u1ee3c gi\u00e1m s\u00e1t ch\u1eb7t ch\u1ebd. <\/p>\n\n\n\n<p class=\"ext-animate--on has-nunito-sans-font-family has-small-font-size\" style=\"margin-top:0;line-height:1.3\">- Ch\u1ee9ng nh\u1eadn chuy\u00ean m\u00f4n: \u0110\u1ed9i ng\u0169 l\u1eafp \u0111\u1eb7t s\u1edf h\u1eefu c\u00e1c ch\u1ee9ng ch\u1ec9 tay ngh\u1ec1 cao c\u1ea5p nh\u1ea5t.<\/p>\n\n\n\n<p class=\"ext-animate--on has-nunito-sans-font-family has-small-font-size\" style=\"line-height:1.3\">Trong su\u1ed1t s\u1ef1 nghi\u1ec7p, \u00f4ng \u0111\u00e3 \u0111\u1ed3ng h\u00e0nh v\u00e0 ki\u1ebfn t\u1ea1o gi\u00e1 tr\u1ecb cho h\u01a1n 3.000 kh\u00e1ch h\u00e0ng, tr\u1edf th\u00e0nh \nbi\u1ec3u t\u01b0\u1ee3ng uy t\u00edn trong ng\u00e0nh. Uy t\u00edn v\u00e0 ch\u1ea5t l\u01b0\u1ee3ng c\u00f4ng vi\u1ec7c c\u1ee7a \u00f4ng \u0111\u00e3 v\u01b0\u1ee3t ra kh\u1ecfi bi\u00ean gi\u1edbi \nn\u01b0\u1edbc \u00dd, ghi d\u1ea5u \u1ea5n qua h\u00e0ng lo\u1ea1t c\u00f4ng tr\u00ecnh \u0111\u1eb3ng c\u1ea5p t\u1ea1i Th\u1ee5y S\u0129, B\u1ec9, Brazil v\u00e0 Vi\u1ec7t Nam.<\/p>","protected":false},"excerpt":{"rendered":"<p>Stefano Maff\u00e8 boasts over thirty years of experience in the field of transparent enclosures and exterior closures, where performance, aesthetics, and precision come together. Over time, he has also expanded into the world of interior fixtures, developing comprehensive expertise that encompasses the entire relationship between space, light, and material. His vision has never been limited [&hellip;]<\/p>\n","protected":false},"author":1,"featured_media":0,"parent":0,"menu_order":0,"comment_status":"closed","ping_status":"closed","template":"page-with-title","meta":{"footnotes":""},"class_list":["post-942","page","type-page","status-publish","hentry"],"_links":{"self":[{"href":"https:\/\/adfitalia.com\/vi\/wp-json\/wp\/v2\/pages\/942","targetHints":{"allow":["GET"]}}],"collection":[{"href":"https:\/\/adfitalia.com\/vi\/wp-json\/wp\/v2\/pages"}],"about":[{"href":"https:\/\/adfitalia.com\/vi\/wp-json\/wp\/v2\/types\/page"}],"author":[{"embeddable":true,"href":"https:\/\/adfitalia.com\/vi\/wp-json\/wp\/v2\/users\/1"}],"replies":[{"embeddable":true,"href":"https:\/\/adfitalia.com\/vi\/wp-json\/wp\/v2\/comments?post=942"}],"version-history":[{"count":44,"href":"https:\/\/adfitalia.com\/vi\/wp-json\/wp\/v2\/pages\/942\/revisions"}],"predecessor-version":[{"id":2976,"href":"https:\/\/adfitalia.com\/vi\/wp-json\/wp\/v2\/pages\/942\/revisions\/2976"}],"wp:attachment":[{"href":"https:\/\/adfitalia.com\/vi\/wp-json\/wp\/v2\/media?parent=942"}],"curies":[{"name":"wp","href":"https:\/\/api.w.org\/{rel}","templated":true}]}}